{"id":49,"date":"2024-10-31T15:47:51","date_gmt":"2024-10-31T14:47:51","guid":{"rendered":"https:\/\/www.reylih.fr\/?page_id=49"},"modified":"2024-11-02T14:33:07","modified_gmt":"2024-11-02T13:33:07","slug":"game-3xpress","status":"publish","type":"page","link":"https:\/\/www.reylih.fr\/index.php\/game-3xpress\/","title":{"rendered":"Game 3xpress"},"content":{"rendered":"\n<div class=\"wp-block-cover alignfull has-parallax\" style=\"padding-top:0px;padding-right:0px;padding-bottom:0px;padding-left:0px;min-height:250px;aspect-ratio:unset;\"><span aria-hidden=\"true\" class=\"wp-block-cover__background has-bg-primary-background-color has-background-dim-90 has-background-dim\"><\/span><div class=\"wp-block-cover__image-background wp-image-20 has-parallax\" style=\"background-position:50% 50%;background-image:url(https:\/\/www.reylih.fr\/wp-content\/uploads\/2024\/10\/Fond-Just-Chatting.png)\"><\/div><div class=\"wp-block-cover__inner-container is-layout-flow wp-block-cover-is-layout-flow\">\n<div style=\"height:100px\" aria-hidden=\"true\" class=\"wp-block-spacer is-style-spacer-lg\"><\/div>\n\n\n\n<div class=\"wp-block-group is-layout-constrained wp-block-group-is-layout-constrained\">\n<div class=\"wp-block-columns has-text-normal-color has-text-color is-layout-flex wp-container-core-columns-is-layout-f0342b05 wp-block-columns-is-layout-flex\" style=\"margin-top:0;margin-bottom:0\">\n<div class=\"wp-block-column is-layout-flow wp-block-column-is-layout-flow\">\n<figure class=\"wp-block-image size-full has-custom-border\"><img loading=\"lazy\" decoding=\"async\" width=\"950\" height=\"534\" src=\"https:\/\/www.reylih.fr\/wp-content\/uploads\/2024\/11\/Unicorn-Overlord.png\" alt=\"\" class=\"has-border-color has-border-normal-border-color wp-image-70\" style=\"border-width:1px\" srcset=\"https:\/\/www.reylih.fr\/wp-content\/uploads\/2024\/11\/Unicorn-Overlord.png 950w, https:\/\/www.reylih.fr\/wp-content\/uploads\/2024\/11\/Unicorn-Overlord-300x169.png 300w, https:\/\/www.reylih.fr\/wp-content\/uploads\/2024\/11\/Unicorn-Overlord-768x432.png 768w\" sizes=\"auto, (max-width: 950px) 100vw, 950px\" \/><\/figure>\n\n\n\n<div style=\"height:100px\" aria-hidden=\"true\" class=\"wp-block-spacer is-style-spacer-sm\"><\/div>\n\n\n\n<h5 class=\"wp-block-heading\" id=\"vk-blocks\">G3 &#8211; Unicorn Overlord<\/h5>\n\n\n\n<div style=\"height:100px\" aria-hidden=\"true\" class=\"wp-block-spacer is-style-spacer-xs\"><\/div>\n\n\n\n<p>Mon petit retour sur la d\u00e9mo de \u00ab\u00a0Unicorn Overlord\u00a0\u00bb <\/p>\n\n\n\n<p>Dur\u00e9e de la d\u00e9mo jou\u00e9e : 8h15<\/p>\n\n\n\n<div class=\"wp-block-buttons is-layout-flex wp-block-buttons-is-layout-flex\">\n<div class=\"wp-block-button has-custom-font-size is-style-fill has-small-font-size\"><a class=\"wp-block-button__link wp-element-button\" href=\"https:\/\/www.reylih.fr\/index.php\/g3-unicorn-overlord\/\" style=\"padding-top:0.3em;padding-right:1em;padding-bottom:0.3em;padding-left:1em\">Unicorn Overlord<\/a><\/div>\n<\/div>\n<\/div>\n\n\n\n<div class=\"wp-block-column is-layout-flow wp-block-column-is-layout-flow\">\n<figure class=\"wp-block-image size-full has-custom-border\"><img loading=\"lazy\" decoding=\"async\" width=\"950\" height=\"534\" src=\"https:\/\/www.reylih.fr\/wp-content\/uploads\/2024\/11\/Planet-Crafter-G3.png\" alt=\"\" class=\"has-border-color has-border-normal-border-color wp-image-74\" style=\"border-width:1px\" srcset=\"https:\/\/www.reylih.fr\/wp-content\/uploads\/2024\/11\/Planet-Crafter-G3.png 950w, https:\/\/www.reylih.fr\/wp-content\/uploads\/2024\/11\/Planet-Crafter-G3-300x169.png 300w, https:\/\/www.reylih.fr\/wp-content\/uploads\/2024\/11\/Planet-Crafter-G3-768x432.png 768w\" sizes=\"auto, (max-width: 950px) 100vw, 950px\" \/><\/figure>\n\n\n\n<div style=\"height:100px\" aria-hidden=\"true\" class=\"wp-block-spacer is-style-spacer-sm\"><\/div>\n\n\n\n<h5 class=\"wp-block-heading\" id=\"vk-blocks\">G3 &#8211; Planet Crafter + DLC Humble <\/h5>\n\n\n\n<div style=\"height:100px\" aria-hidden=\"true\" class=\"wp-block-spacer is-style-spacer-xs\"><\/div>\n\n\n\n<p>Mon petit retour sur la d\u00e9mo de \u00ab\u00a0Planet Crafter\u00a0\u00bb<\/p>\n\n\n\n<p>Dur\u00e9e jou\u00e9e : 145h<\/p>\n\n\n\n<div class=\"wp-block-buttons is-layout-flex wp-block-buttons-is-layout-flex\">\n<div class=\"wp-block-button has-custom-font-size is-style-fill has-small-font-size\"><a class=\"wp-block-button__link wp-element-button\" href=\"https:\/\/www.reylih.fr\/index.php\/g3-planet-crafter\/\" style=\"padding-top:0.3em;padding-right:1em;padding-bottom:0.3em;padding-left:1em\">Planet Crafter<\/a><\/div>\n<\/div>\n<\/div>\n\n\n\n<div class=\"wp-block-column is-layout-flow wp-block-column-is-layout-flow\">\n<figure class=\"wp-block-image size-full has-custom-border\"><img loading=\"lazy\" decoding=\"async\" width=\"950\" height=\"534\" src=\"https:\/\/www.reylih.fr\/wp-content\/uploads\/2024\/11\/G3-en-Preparation.png\" alt=\"\" class=\"has-border-color has-border-normal-border-color wp-image-75\" style=\"border-width:1px\" srcset=\"https:\/\/www.reylih.fr\/wp-content\/uploads\/2024\/11\/G3-en-Preparation.png 950w, https:\/\/www.reylih.fr\/wp-content\/uploads\/2024\/11\/G3-en-Preparation-300x169.png 300w, https:\/\/www.reylih.fr\/wp-content\/uploads\/2024\/11\/G3-en-Preparation-768x432.png 768w\" sizes=\"auto, (max-width: 950px) 100vw, 950px\" \/><\/figure>\n\n\n\n<div style=\"height:100px\" aria-hidden=\"true\" class=\"wp-block-spacer is-style-spacer-sm\"><\/div>\n\n\n\n<h5 class=\"wp-block-heading\" id=\"vk-blocks\">G3 &#8211; A venir<\/h5>\n\n\n\n<div style=\"height:100px\" aria-hidden=\"true\" class=\"wp-block-spacer is-style-spacer-xs\"><\/div>\n\n\n\n<p>Retour en pr\u00e9paration<\/p>\n\n\n\n<div class=\"wp-block-buttons is-layout-flex wp-block-buttons-is-layout-flex\">\n<div class=\"wp-block-button has-custom-font-size is-style-fill has-small-font-size\"><a class=\"wp-block-button__link wp-element-button\" href=\"\" style=\"padding-top:0.3em;padding-right:1em;padding-bottom:0.3em;padding-left:1em\">Non Disponible<\/a><\/div>\n<\/div>\n<\/div>\n\n\n\n<div class=\"wp-block-column is-layout-flow wp-block-column-is-layout-flow\">\n<figure class=\"wp-block-image size-full has-custom-border\"><img loading=\"lazy\" decoding=\"async\" width=\"950\" height=\"534\" src=\"https:\/\/www.reylih.fr\/wp-content\/uploads\/2024\/11\/G3-en-Preparation.png\" alt=\"\" class=\"has-border-color has-border-normal-border-color wp-image-75\" style=\"border-width:1px\" srcset=\"https:\/\/www.reylih.fr\/wp-content\/uploads\/2024\/11\/G3-en-Preparation.png 950w, https:\/\/www.reylih.fr\/wp-content\/uploads\/2024\/11\/G3-en-Preparation-300x169.png 300w, https:\/\/www.reylih.fr\/wp-content\/uploads\/2024\/11\/G3-en-Preparation-768x432.png 768w\" sizes=\"auto, (max-width: 950px) 100vw, 950px\" \/><\/figure>\n\n\n\n<div style=\"height:100px\" aria-hidden=\"true\" class=\"wp-block-spacer is-style-spacer-sm\"><\/div>\n\n\n\n<h5 class=\"wp-block-heading\" id=\"vk-blocks\">G3 &#8211; A venir<\/h5>\n\n\n\n<div style=\"height:100px\" aria-hidden=\"true\" class=\"wp-block-spacer is-style-spacer-xs\"><\/div>\n\n\n\n<p>Retour en pr\u00e9paration<\/p>\n\n\n\n<div class=\"wp-block-buttons is-layout-flex wp-block-buttons-is-layout-flex\">\n<div class=\"wp-block-button has-custom-font-size is-style-fill has-small-font-size\"><a class=\"wp-block-button__link wp-element-button\" href=\"\" style=\"padding-top:0.3em;padding-right:1em;padding-bottom:0.3em;padding-left:1em\">Non Disponible<\/a><\/div>\n<\/div>\n<\/div>\n<\/div>\n<\/div>\n\n\n\n<div style=\"height:50px\" aria-hidden=\"true\" class=\"wp-block-spacer is-style-spacer-lg\"><\/div>\n\n\n\n<hr class=\"wp-block-separator has-text-color has-border-normal-color has-alpha-channel-opacity has-border-normal-background-color has-background is-style-wide\"\/>\n<\/div><\/div>\n","protected":false},"excerpt":{"rendered":"","protected":false},"author":1,"featured_media":0,"parent":0,"menu_order":0,"comment_status":"closed","ping_status":"closed","template":"","meta":{"vkexunit_cta_each_option":"","footnotes":""},"class_list":["post-49","page","type-page","status-publish","hentry"],"_links":{"self":[{"href":"https:\/\/www.reylih.fr\/index.php\/wp-json\/wp\/v2\/pages\/49","targetHints":{"allow":["GET"]}}],"collection":[{"href":"https:\/\/www.reylih.fr\/index.php\/wp-json\/wp\/v2\/pages"}],"about":[{"href":"https:\/\/www.reylih.fr\/index.php\/wp-json\/wp\/v2\/types\/page"}],"author":[{"embeddable":true,"href":"https:\/\/www.reylih.fr\/index.php\/wp-json\/wp\/v2\/users\/1"}],"replies":[{"embeddable":true,"href":"https:\/\/www.reylih.fr\/index.php\/wp-json\/wp\/v2\/comments?post=49"}],"version-history":[{"count":6,"href":"https:\/\/www.reylih.fr\/index.php\/wp-json\/wp\/v2\/pages\/49\/revisions"}],"predecessor-version":[{"id":103,"href":"https:\/\/www.reylih.fr\/index.php\/wp-json\/wp\/v2\/pages\/49\/revisions\/103"}],"wp:attachment":[{"href":"https:\/\/www.reylih.fr\/index.php\/wp-json\/wp\/v2\/media?parent=49"}],"curies":[{"name":"wp","href":"https:\/\/api.w.org\/{rel}","templated":true}]}}