{"id":67,"date":"2024-03-13T19:14:00","date_gmt":"2024-03-13T18:14:00","guid":{"rendered":"https:\/\/www.reylih.fr\/?page_id=67"},"modified":"2024-11-01T14:37:39","modified_gmt":"2024-11-01T13:37:39","slug":"g3-unicorn-overlord","status":"publish","type":"page","link":"https:\/\/www.reylih.fr\/index.php\/g3-unicorn-overlord\/","title":{"rendered":"G3 &#8211; Unicorn Overlord"},"content":{"rendered":"\n<p>Mon petit retour sur la d\u00e9mo de \u00ab\u00a0Unicorn Overlord\u00a0\u00bb <\/p>\n\n\n\n<p>Dur\u00e9e de la d\u00e9mo jou\u00e9e : 8h15 <\/p>\n\n\n\n<p>Compl\u00e9tude : Bien que j&rsquo;aie pass\u00e9 un temps consid\u00e9rable sur la d\u00e9mo, je n&rsquo;ai pas explor\u00e9 toutes les possibilit\u00e9s offertes. <\/p>\n\n\n\n<p>Strat\u00e9gie : Le jeu ne requiert pas une optimisation extr\u00eame des strat\u00e9gies de combat, rendant l&rsquo;exp\u00e9rience accessible sans n\u00e9cessiter une r\u00e9flexion intense. Un minimum de logique et une compr\u00e9hension basique des classes de personnages suffisent pour avancer, ce qui maintient l&rsquo;accessibilit\u00e9 tout au long de l&rsquo;aventure. <\/p>\n\n\n\n<p>Qu\u00eates annexes : Le jeu propose un nombre appr\u00e9ciable de qu\u00eates secondaires, enrichissant \u00e0 la fois la r\u00e9putation du joueur, son exp\u00e9rience, et le lore du monde explor\u00e9. <\/p>\n\n\n\n<p>Qu\u00eate principale : L&rsquo;intrigue principale est captivante et bien rythm\u00e9e. Apr\u00e8s 8 heures de jeu, le temps a sembl\u00e9 filer sans que je m&rsquo;en aper\u00e7oive, gr\u00e2ce \u00e0 des choix narratifs laiss\u00e9s \u00e0 la discr\u00e9tion du joueur. Cette libert\u00e9 permet une immersion profonde, incitant le joueur \u00e0 se questionner sur la morale des antagonistes et \u00e0 d\u00e9cider de leur sort. Cela offre une r\u00e9flexion int\u00e9ressante sur les dilemmes moraux pos\u00e9s par une oppression prolong\u00e9e et les choix de r\u00e9demption possibles. <\/p>\n\n\n\n<p>Bande-son et dialogues : La musique du jeu est, \u00e0 mon avis, exceptionnelle, s&rsquo;adaptant parfaitement \u00e0 chaque situation. Les dialogues sont riches et bien \u00e9crits, bien que l&rsquo;activation par d\u00e9faut de la lecture automatique soit discutable (un param\u00e8tre permet heureusement de l&rsquo;ajuster ou de la d\u00e9sactiver). <\/p>\n\n\n\n<p>Exploration : Le monde du jeu invite \u00e0 la d\u00e9couverte, bien qu&rsquo;une certaine prudence soit de mise pour ne pas se heurter \u00e0 des adversaires trop puissants. Le jeu communique efficacement sur ce point \u00e0 travers les \u00e9changes entre personnages. Les sc\u00e8nes d&rsquo;affinit\u00e9 entre les personnages ajoutent une dimension suppl\u00e9mentaire \u00e0 l&rsquo;exp\u00e9rience. <\/p>\n\n\n\n<p>Points n\u00e9gatifs : Le renouvellement des ressources me semble trop lent (une r\u00e9apparition toutes les 6 heures pour un seul item au lieu de trois), ce qui peut freiner l&rsquo;exploration et l&rsquo;engagement. <\/p>\n\n\n\n<p>Conclusion : \u00ab\u00a0Unicorn Overlord\u00a0\u00bb est, selon moi, un excellent jeu, v\u00e9ritable p\u00e9pite dans le genre de la strat\u00e9gie et de la tactique. M\u00eame en tant que novice de ce type de jeux, j&rsquo;ai trouv\u00e9 l&rsquo;exp\u00e9rience agr\u00e9able et accessible, notamment gr\u00e2ce au mode Histoire. Les dialogues captivants, la bande-son immersive et l&rsquo;intrigue prenante contribuent \u00e0 une exp\u00e9rience riche et engageante. La d\u00e9mo offre un aper\u00e7u significatif de l&rsquo;histoire et du gameplay, qui, malgr\u00e9 une certaine r\u00e9p\u00e9titivit\u00e9, qui ne m&rsquo;a pas lass\u00e9.<\/p>\n\n\n\n<p>Publi\u00e9 le 13\/03\/2024 <br>Sur le Discord de la Cha\u00eene par Reylih<\/p>\n","protected":false},"excerpt":{"rendered":"<p>Mon petit retour sur la d\u00e9mo de \u00ab\u00a0Unicorn Overlord\u00a0\u00bb Dur\u00e9e de la d\u00e9mo jou\u00e9e : 8h15 Compl\u00e9tude : Bien que j&rsquo;aie pass\u00e9 un temps consid\u00e9rable sur la d\u00e9mo, je n&rsquo;ai pas explor\u00e9 toutes les possibilit\u00e9s offertes. Strat\u00e9gie : Le jeu ne requiert pas une optimisation extr\u00eame des strat\u00e9gies de combat, rendant l&rsquo;exp\u00e9rience accessible sans n\u00e9cessiter [&hellip;]<\/p>\n","protected":false},"author":1,"featured_media":0,"parent":0,"menu_order":0,"comment_status":"closed","ping_status":"closed","template":"","meta":{"vkexunit_cta_each_option":"","footnotes":""},"class_list":["post-67","page","type-page","status-publish","hentry"],"_links":{"self":[{"href":"https:\/\/www.reylih.fr\/index.php\/wp-json\/wp\/v2\/pages\/67","targetHints":{"allow":["GET"]}}],"collection":[{"href":"https:\/\/www.reylih.fr\/index.php\/wp-json\/wp\/v2\/pages"}],"about":[{"href":"https:\/\/www.reylih.fr\/index.php\/wp-json\/wp\/v2\/types\/page"}],"author":[{"embeddable":true,"href":"https:\/\/www.reylih.fr\/index.php\/wp-json\/wp\/v2\/users\/1"}],"replies":[{"embeddable":true,"href":"https:\/\/www.reylih.fr\/index.php\/wp-json\/wp\/v2\/comments?post=67"}],"version-history":[{"count":1,"href":"https:\/\/www.reylih.fr\/index.php\/wp-json\/wp\/v2\/pages\/67\/revisions"}],"predecessor-version":[{"id":68,"href":"https:\/\/www.reylih.fr\/index.php\/wp-json\/wp\/v2\/pages\/67\/revisions\/68"}],"wp:attachment":[{"href":"https:\/\/www.reylih.fr\/index.php\/wp-json\/wp\/v2\/media?parent=67"}],"curies":[{"name":"wp","href":"https:\/\/api.w.org\/{rel}","templated":true}]}}