{"id":7,"date":"2024-09-20T01:07:01","date_gmt":"2024-09-19T23:07:01","guid":{"rendered":"https:\/\/www.reylih.fr\/?page_id=7"},"modified":"2024-10-29T22:48:37","modified_gmt":"2024-10-29T21:48:37","slug":"presentation-du-rcu","status":"publish","type":"page","link":"https:\/\/www.reylih.fr\/index.php\/presentation-du-rcu\/","title":{"rendered":"Pr\u00e9sentation du Reylih Cinematic Universe (RCU)"},"content":{"rendered":"\n<p>Bienvenue dans le <em>Reylih Cinematic Universe<\/em>, un monde o\u00f9 chaque gameplay devient une nouvelle aventure, et o\u00f9 chaque jeu, qu\u2019il soit grand classique ou p\u00e9pite ind\u00e9pendante, s\u2019inscrit dans une \u00e9pop\u00e9e plus vaste. Le RCU est une invitation pour tous les amateurs de jeux vid\u00e9o \u00e0 rejoindre Reylih, un streamer passionn\u00e9, dans un univers o\u00f9 la diversit\u00e9 des genres et l&rsquo;exploration sont les ma\u00eetres-mots.<\/p>\n\n\n\n<p><strong>Essence du RCU<\/strong><br>Le <em>Reylih Cinematic Universe<\/em> transcende les cat\u00e9gories de jeux et se veut un monde sans limites. RPGs \u00e9piques, aventures de survie, jeux de plateforme, simulations agricoles, et plus encore, chaque type de jeu trouve sa place dans ce multivers dynamique. Que l\u2019on se retrouve \u00e0 b\u00e2tir des mondes dans <em>Minecraft<\/em>, \u00e0 explorer des terres inconnues dans <em>Planet Crafter<\/em>, ou \u00e0 se lancer dans une mission royale aux c\u00f4t\u00e9s de <em>Princess Peach<\/em>, chaque exp\u00e9rience est un nouveau chapitre dans l\u2019histoire collective du RCU.<\/p>\n\n\n\n<p><strong>Personnages cl\u00e9s<\/strong><br>Le c\u0153ur du RCU est Reylih lui-m\u00eame, le guide et l&rsquo;explorateur principal, accompagn\u00e9 d\u2019une \u00e9quipe vari\u00e9e et pleine de personnalit\u00e9. SuperGaufre, Shiraldi, Orital, Ryvaltra, Zetsushikibo, et Papy_Razer sont des alli\u00e9s incontournables et des personnages r\u00e9currents dans cet univers. Chacun d\u2019eux apporte sa propre approche des jeux et une dose d&rsquo;humour et de camaraderie, cr\u00e9ant des moments inoubliables et des aventures qui prennent vie devant les spectateurs.<\/p>\n\n\n\n<p><strong>L\u2019intrigue du RCU<\/strong><br>Dans le RCU, chaque jeu devient une qu\u00eate unique, mais tous partagent un m\u00eame objectif : explorer l\u2019inconnu et red\u00e9finir l\u2019aventure. Reylih et ses compagnons se retrouvent souvent face \u00e0 des d\u00e9fis vari\u00e9s : qu&rsquo;il s&rsquo;agisse de survivre aux \u00e9l\u00e9ments, de r\u00e9soudre des myst\u00e8res anciens, ou de construire des empires, ils forment ensemble une \u00e9quipe aux multiples comp\u00e9tences et perspectives. Les d\u00e9couvertes et les choix que fait Reylih influencent la trame du RCU, cr\u00e9ant une interconnexion entre les univers de chaque jeu.<\/p>\n\n\n\n<p><strong>Lien avec la communaut\u00e9<\/strong><br>Le RCU n&rsquo;est pas qu&rsquo;un monde de streaming, c&rsquo;est aussi une communaut\u00e9. Les abonn\u00e9s sont encourag\u00e9s \u00e0 interagir, \u00e0 proposer des strat\u00e9gies, et \u00e0 participer activement dans les aventures de Reylih. En live sur Twitch ou en exclusivit\u00e9 YouTube, chaque vid\u00e9o devient une immersion o\u00f9 les spectateurs se sentent partie int\u00e9grante de ce voyage.<\/p>\n","protected":false},"excerpt":{"rendered":"<p>Bienvenue dans le Reylih Cinematic Universe, un monde o\u00f9 chaque gameplay devient une nouvelle aventure, et o\u00f9 chaque jeu, qu\u2019il soit grand classique ou p\u00e9pite ind\u00e9pendante, s\u2019inscrit dans une \u00e9pop\u00e9e plus vaste. Le RCU est une invitation pour tous les amateurs de jeux vid\u00e9o \u00e0 rejoindre Reylih, un streamer passionn\u00e9, dans un univers o\u00f9 la [&hellip;]<\/p>\n","protected":false},"author":1,"featured_media":0,"parent":0,"menu_order":0,"comment_status":"closed","ping_status":"closed","template":"","meta":{"vkexunit_cta_each_option":"","footnotes":""},"class_list":["post-7","page","type-page","status-publish","hentry"],"_links":{"self":[{"href":"https:\/\/www.reylih.fr\/index.php\/wp-json\/wp\/v2\/pages\/7","targetHints":{"allow":["GET"]}}],"collection":[{"href":"https:\/\/www.reylih.fr\/index.php\/wp-json\/wp\/v2\/pages"}],"about":[{"href":"https:\/\/www.reylih.fr\/index.php\/wp-json\/wp\/v2\/types\/page"}],"author":[{"embeddable":true,"href":"https:\/\/www.reylih.fr\/index.php\/wp-json\/wp\/v2\/users\/1"}],"replies":[{"embeddable":true,"href":"https:\/\/www.reylih.fr\/index.php\/wp-json\/wp\/v2\/comments?post=7"}],"version-history":[{"count":3,"href":"https:\/\/www.reylih.fr\/index.php\/wp-json\/wp\/v2\/pages\/7\/revisions"}],"predecessor-version":[{"id":25,"href":"https:\/\/www.reylih.fr\/index.php\/wp-json\/wp\/v2\/pages\/7\/revisions\/25"}],"wp:attachment":[{"href":"https:\/\/www.reylih.fr\/index.php\/wp-json\/wp\/v2\/media?parent=7"}],"curies":[{"name":"wp","href":"https:\/\/api.w.org\/{rel}","templated":true}]}}