{"id":99,"date":"2024-11-02T14:01:06","date_gmt":"2024-11-02T13:01:06","guid":{"rendered":"https:\/\/www.reylih.fr\/?page_id=99"},"modified":"2024-11-02T14:01:07","modified_gmt":"2024-11-02T13:01:07","slug":"g3-planet-crafter","status":"publish","type":"page","link":"https:\/\/www.reylih.fr\/index.php\/g3-planet-crafter\/","title":{"rendered":"G3 &#8211; Planet Crafter"},"content":{"rendered":"\n<p><strong>Temps de jeu :<\/strong>&nbsp;Pr\u00e8s de 145 heures (environ 130 heures en solo sur le jeu de base et 15 heures sur le DLC&nbsp;<em>Humble<\/em>&nbsp;en solo).<\/p>\n\n\n\n<p><strong>Exploration du contenu :<\/strong>&nbsp;Je n\u2019ai certainement pas explor\u00e9 tout ce que le jeu offre, d\u2019autant plus que je n\u2019ai pas test\u00e9 le mode multijoueur ni pouss\u00e9 l\u2019optimisation au maximum.<\/p>\n\n\n\n<h3 class=\"wp-block-heading\">La qu\u00eate principale<\/h3>\n\n\n\n<p>L\u2019aventure commence par un exil forc\u00e9 : nous sommes un prisonnier condamn\u00e9 qui a le choix entre la perp\u00e9tuit\u00e9 ou la mission de terraformation d\u2019une plan\u00e8te pour la compagnie Sentinel Corp. L\u2019objectif est de rendre la plan\u00e8te Prime habitable pour esp\u00e9rer retrouver notre libert\u00e9. Pour cela, le joueur doit explorer et r\u00e9v\u00e9ler les myst\u00e8res de ce monde. L\u2019intrigue permet une r\u00e9elle libert\u00e9, encourageant chacun \u00e0 d\u00e9cider de sa propre destin\u00e9e sur cette plan\u00e8te fascinante.<\/p>\n\n\n\n<h3 class=\"wp-block-heading\">Strat\u00e9gie et terraformation<\/h3>\n\n\n\n<p>Bien que&nbsp;<em>Planet Crafter<\/em>&nbsp;ne soit pas un jeu de strat\u00e9gie \u00e0 proprement parler, il offre une certaine gestion des \u00e9l\u00e9ments n\u00e9cessaires \u00e0 la terraformation : pression, oxyg\u00e8ne, chaleur. Ces \u00e9l\u00e9ments permettent de d\u00e9bloquer de nouveaux plans de construction, acc\u00e9l\u00e9rant la transformation de la plan\u00e8te. Le jeu permet \u00e9galement de r\u00e9cup\u00e9rer l\u2019int\u00e9gralit\u00e9 des ressources en d\u00e9montant des structures d\u00e9j\u00e0 \u00e9tablies (comme les V\u00e9g\u00e9tubes, les chauffages et les foreuses) pour les upgrader avec de nouveaux tiers de construction. Cela cr\u00e9e une dynamique de progression flexible. Par ailleurs, la gestion de l\u2019\u00e9nergie est cruciale pour maintenir toutes ces structures fonctionnelles. Heureusement, le jeu reste indulgent face aux erreurs : en cas de mort (m\u00eame par n\u00e9gligence), on peut r\u00e9cup\u00e9rer l\u2019inventaire \u00e0 l\u2019endroit o\u00f9 l\u2019on est tomb\u00e9, ce qui rend l\u2019exp\u00e9rience plus agr\u00e9able.<\/p>\n\n\n\n<h3 class=\"wp-block-heading\">Exploration et bande-son<\/h3>\n\n\n\n<p>Le monde de&nbsp;<em>Planet Crafter<\/em>&nbsp;est vaste et relaxant, \u00e0 l\u2019image de sa bande-son qui apporte une atmosph\u00e8re immersive et apaisante. L\u2019acc\u00e8s \u00e0 certaines zones se d\u00e9bloque \u00e0 mesure que la terraformation progresse, ce qui encourage une exploration constante et des retours fr\u00e9quents dans des lieux qui \u00e9voluent au fil du jeu. Ces transformations sont suffisamment marquantes pour rendre m\u00e9connaissables des zones d\u00e9j\u00e0 visit\u00e9es, ajoutant un sentiment de red\u00e9couverte permanent.<\/p>\n\n\n\n<h3 class=\"wp-block-heading\">Points d&rsquo;am\u00e9lioration<\/h3>\n\n\n\n<p>Un aspect perfectible, selon moi, r\u00e9side dans les plans de construction. Les \u00e9l\u00e9ments d\u00e9bloqu\u00e9s en atteignant certains seuils dans chacune des huit cat\u00e9gories (Terraforming, Chaleur, Pression, Oxyg\u00e8ne, Biomasse, V\u00e9g\u00e9taux, Insectes et Animaux) manquent parfois de logique. Par exemple, des \u00e9l\u00e9ments esth\u00e9tiques comme les cloisons et les vitres de plafond, qui n\u2019impactent pas le gameplay, pourraient \u00eatre disponibles plus t\u00f4t pour permettre une personnalisation plus pouss\u00e9e de la base. Cela refl\u00e8te l\u2019avis de ma fibre de&nbsp;<em>builder<\/em>, qui appr\u00e9cierait une personnalisation libre et plus intuitive.<\/p>\n\n\n\n<h3 class=\"wp-block-heading\">DLC&nbsp;<em>Humble<\/em><\/h3>\n\n\n\n<p>Avant de continuer sur le retour d\u2019exp\u00e9rience du DLC, je tiens \u00e0 remercier le studio Miju Games pour la confiance accord\u00e9e \u00e0 la cha\u00eene en nous fournissant la cl\u00e9 du DLC\u00a0<em>Humble<\/em>, un geste tr\u00e8s appr\u00e9ci\u00e9.<\/p>\n\n\n\n<p>Le DLC&nbsp;<em>Humble<\/em>&nbsp;introduit une nouvelle plan\u00e8te, rehaussant la difficult\u00e9 d\u00e8s le d\u00e9part. D\u00e8s l\u2019arriv\u00e9e, on est confront\u00e9 \u00e0 une raret\u00e9 de ressources de base \u2013 le Cobalt notamment, qui peut sembler mineur, mais se r\u00e9v\u00e8le crucial. Les d\u00e9veloppeurs ont ajout\u00e9 une nouvelle m\u00e9canique, le broyeur de minerai, pour compenser cette raret\u00e9. Ce DLC offre un d\u00e9fi de survie en&nbsp;<em>hardcore<\/em>&nbsp;bien dos\u00e9, n\u00e9cessitant une strat\u00e9gie r\u00e9fl\u00e9chie. Bien que je n\u2019aie pas encore explor\u00e9 tout le contenu du DLC, les nouvelles zones et le lore enrichissent l\u2019exp\u00e9rience sans perturber les acquis du joueur.<\/p>\n\n\n\n<h3 class=\"wp-block-heading\">Conclusion<\/h3>\n\n\n\n<p>En conclusion,&nbsp;<em>Planet Crafter<\/em>&nbsp;est pour moi un excellent jeu, une v\u00e9ritable p\u00e9pite dans le domaine de la survie et de l\u2019exploration. Son atmosph\u00e8re sonore et ses \u00e9volutions constantes permettent de red\u00e9couvrir le monde apr\u00e8s quelques heures sans jamais se lasser. Le jeu ne pr\u00e9sente pas de grande difficult\u00e9 majeure, l\u2019absence de cr\u00e9atures hostiles rendant l\u2019environnement (manque d\u2019oxyg\u00e8ne, d\u2019eau, de nourriture) l\u2019ennemi principal. Cette ambiance&nbsp;<em>chill<\/em>, ponctu\u00e9e d\u2019alertes, nous rappelle \u00e9galement l\u2019importance de surveiller nos besoins de base, cr\u00e9ant une immersion bien dos\u00e9e.<\/p>\n\n\n\n<p>Le jeu m\u2019offre un plaisir simple et intense, o\u00f9 chaque \u00e9tape et chaque objectif encouragent un voyage captivant, enrichi par les \u00e9changes avec les viewers et abonn\u00e9s.&nbsp;<em>Planet Crafter<\/em>&nbsp;b\u00e9n\u00e9ficie d\u2019une communaut\u00e9 active et solidaire, chacun partageant ses approches de terraformation et d\u2019exploration, rendant chaque exp\u00e9rience unique et stimulante.<\/p>\n","protected":false},"excerpt":{"rendered":"<p>Temps de jeu :&nbsp;Pr\u00e8s de 145 heures (environ 130 heures en solo sur le jeu de base et 15 heures sur le DLC&nbsp;Humble&nbsp;en solo). Exploration du contenu :&nbsp;Je n\u2019ai certainement pas explor\u00e9 tout ce que le jeu offre, d\u2019autant plus que je n\u2019ai pas test\u00e9 le mode multijoueur ni pouss\u00e9 l\u2019optimisation au maximum. La qu\u00eate [&hellip;]<\/p>\n","protected":false},"author":1,"featured_media":0,"parent":0,"menu_order":0,"comment_status":"closed","ping_status":"closed","template":"","meta":{"vkexunit_cta_each_option":"","footnotes":""},"class_list":["post-99","page","type-page","status-publish","hentry"],"_links":{"self":[{"href":"https:\/\/www.reylih.fr\/index.php\/wp-json\/wp\/v2\/pages\/99","targetHints":{"allow":["GET"]}}],"collection":[{"href":"https:\/\/www.reylih.fr\/index.php\/wp-json\/wp\/v2\/pages"}],"about":[{"href":"https:\/\/www.reylih.fr\/index.php\/wp-json\/wp\/v2\/types\/page"}],"author":[{"embeddable":true,"href":"https:\/\/www.reylih.fr\/index.php\/wp-json\/wp\/v2\/users\/1"}],"replies":[{"embeddable":true,"href":"https:\/\/www.reylih.fr\/index.php\/wp-json\/wp\/v2\/comments?post=99"}],"version-history":[{"count":1,"href":"https:\/\/www.reylih.fr\/index.php\/wp-json\/wp\/v2\/pages\/99\/revisions"}],"predecessor-version":[{"id":100,"href":"https:\/\/www.reylih.fr\/index.php\/wp-json\/wp\/v2\/pages\/99\/revisions\/100"}],"wp:attachment":[{"href":"https:\/\/www.reylih.fr\/index.php\/wp-json\/wp\/v2\/media?parent=99"}],"curies":[{"name":"wp","href":"https:\/\/api.w.org\/{rel}","templated":true}]}}